{"id":43,"date":"2025-07-08T08:27:09","date_gmt":"2025-07-08T08:27:09","guid":{"rendered":"https:\/\/fleurunion.com\/?page_id=43"},"modified":"2025-07-09T01:33:17","modified_gmt":"2025-07-09T01:33:17","slug":"privacy-policy","status":"publish","type":"page","link":"https:\/\/fleurunion.com\/fr\/privacy-policy\/","title":{"rendered":"Politique de confidentialit\u00e9"},"content":{"rendered":"<strong>Derni\u00e8re mise \u00e0 jour : 07\/07\/2025<\/strong>\r\n\r\nAu <strong>Fleur Union<\/strong>Dans le cadre de notre politique de confidentialit\u00e9, accessible \u00e0 partir de fleurunion.com, l'une de nos principales priorit\u00e9s est la protection de la vie priv\u00e9e de nos visiteurs. La pr\u00e9sente politique de confidentialit\u00e9 d\u00e9crit les types d'informations que nous recueillons et la mani\u00e8re dont nous les utilisons.\r\n\r\nEn utilisant notre site web, vous acceptez la collecte et l'utilisation d'informations conform\u00e9ment \u00e0 cette politique.\r\n\r\n<hr \/>\r\n\r\n<h2>1. Les informations que nous collectons<\/h2>\r\nNous pouvons collecter les types d'informations suivants :\r\n<h3>a. <strong>Informations personnelles (fournies par vous)<\/strong><\/h3>\r\nLorsque vous :\r\n<ul>\r\n \t<li>S'abonner \u00e0 notre lettre d'information<\/li>\r\n \t<li>Laissez un commentaire sur notre blog<\/li>\r\n \t<li>Contactez-nous par e-mail ou via le formulaire de contact<\/li>\r\n<\/ul>\r\nNous pouvons recueillir votre nom, votre adresse \u00e9lectronique et tout message que vous envoyez.\r\n<h3>b. <strong>Informations non personnelles (collect\u00e9es automatiquement)<\/strong><\/h3>\r\nLorsque vous naviguez sur notre site web, nous pouvons collecter des donn\u00e9es :\r\n<ul>\r\n \t<li>Adresse IP<\/li>\r\n \t<li>Type et version du navigateur<\/li>\r\n \t<li>Pages visit\u00e9es et temps pass\u00e9 sur le site<\/li>\r\n \t<li>Adresse du site web de r\u00e9f\u00e9rence<\/li>\r\n \t<li>Type d'appareil et syst\u00e8me d'exploitation<\/li>\r\n<\/ul>\r\nNous utilisons des cookies et des outils d'analyse pour recueillir ces donn\u00e9es.\r\n\r\n<hr \/>\r\n\r\n<h2>2. Comment nous utilisons vos informations<\/h2>\r\nNous pouvons utiliser les informations que nous recueillons pour\r\n<ul>\r\n \t<li>R\u00e9pondre \u00e0 vos demandes<\/li>\r\n \t<li>Am\u00e9liorer le contenu et la fonctionnalit\u00e9 de notre site web<\/li>\r\n \t<li>Envoyer des bulletins d'information ou des mises \u00e0 jour occasionnelles (uniquement si vous y avez consenti)<\/li>\r\n \t<li>Suivre et analyser les tendances et les performances en mati\u00e8re d'utilisation<\/li>\r\n<\/ul>\r\n\r\n<hr \/>\r\n\r\n<h2>3. Cookies<\/h2>\r\nfleurunion.com utilise des cookies pour am\u00e9liorer votre exp\u00e9rience de navigation.\r\n\r\nLes cookies sont de petits fichiers de donn\u00e9es stock\u00e9s sur votre appareil qui nous aident :\r\n<ul>\r\n \t<li>M\u00e9morisez vos pr\u00e9f\u00e9rences<\/li>\r\n \t<li>Comprendre comment vous interagissez avec notre site<\/li>\r\n \t<li>Am\u00e9liorer la vitesse et la convivialit\u00e9 du site<\/li>\r\n<\/ul>\r\nVous pouvez choisir de d\u00e9sactiver les cookies par le biais des param\u00e8tres de votre navigateur. Cependant, certaines fonctionnalit\u00e9s de notre site peuvent ne pas fonctionner correctement sans eux.\r\n\r\n<hr \/>\r\n\r\n<h2>4. Services de tiers<\/h2>\r\nNous pouvons utiliser des services de tiers tels que\r\n<ul>\r\n \t<li><strong>Google Analytics<\/strong> - comprendre le trafic sur le site et le comportement des utilisateurs<\/li>\r\n \t<li><strong>Plateformes de marketing par courriel<\/strong> - pour envoyer des bulletins d'information (si vous vous inscrivez)<\/li>\r\n<\/ul>\r\nCes tiers peuvent avoir acc\u00e8s \u00e0 vos informations, mais uniquement pour effectuer des t\u00e2ches sp\u00e9cifiques en notre nom et sont tenus de ne pas les divulguer ou les utiliser \u00e0 d'autres fins.\r\n\r\n<hr \/>\r\n\r\n<h2>5. S\u00e9curit\u00e9 des donn\u00e9es<\/h2>\r\nNous mettons en \u0153uvre des mesures de s\u00e9curit\u00e9 standard pour prot\u00e9ger vos informations personnelles. Toutefois, aucune m\u00e9thode de transmission sur l'internet n'est 100% s\u00fbre et nous ne pouvons pas garantir une s\u00e9curit\u00e9 absolue.\r\n\r\n<hr \/>\r\n\r\n<h2>6. Vos droits<\/h2>\r\nVous avez le droit de :\r\n<ul>\r\n \t<li>Acc\u00e9der aux donn\u00e9es personnelles que nous d\u00e9tenons \u00e0 votre sujet ou en demander une copie<\/li>\r\n \t<li>Demander la correction ou la suppression de vos donn\u00e9es<\/li>\r\n \t<li>Retirer \u00e0 tout moment son consentement \u00e0 la prospection par courrier \u00e9lectronique en cliquant sur \"se d\u00e9sinscrire\" dans nos courriers \u00e9lectroniques ou en nous contactant.<\/li>\r\n<\/ul>\r\nPour faire une telle demande, veuillez nous contacter \u00e0 l'adresse suivante :\r\n<strong>Courriel :<\/strong> [votre adresse e-mail]\r\n\r\n<hr \/>\r\n\r\n<h2>7. Vie priv\u00e9e des enfants<\/h2>\r\nfleurunion.com n'est pas destin\u00e9 aux enfants de moins de 13 ans. Nous ne recueillons pas sciemment d'informations personnelles aupr\u00e8s d'enfants. Si nous apprenons que nous avons recueilli de telles informations par inadvertance, nous les supprimerons rapidement.\r\n\r\n<hr \/>\r\n\r\n<h2>8. Modifications de la pr\u00e9sente politique de protection de la vie priv\u00e9e<\/h2>\r\nNous pouvons mettre \u00e0 jour la pr\u00e9sente politique de confidentialit\u00e9 de temps \u00e0 autre. Les modifications seront publi\u00e9es sur cette page avec la date de mise \u00e0 jour.\r\n\r\nNous vous encourageons \u00e0 consulter r\u00e9guli\u00e8rement la pr\u00e9sente politique de confidentialit\u00e9 afin de rester inform\u00e9 de la mani\u00e8re dont nous prot\u00e9geons vos informations.\r\n\r\n<hr \/>\r\n\r\n<h2>9. Nous contacter<\/h2>\r\nSi vous avez des questions sur cette politique de confidentialit\u00e9 ou sur la mani\u00e8re dont nous traitons vos donn\u00e9es, veuillez nous contacter :\r\n\r\n<strong>Fleur Union<\/strong>\r\nCourriel : contact@fleurunion.com","protected":false},"excerpt":{"rendered":"Last updated: 07\/07\/2025 At , accessible from ,\u00a0one of our main priorities is the privacy of our visitors. This Privacy Policy document outlines the types of information we collect and how we use it. By using our website, you agree to the collection and use of information in accordance with this policy. 1. Information We [&#8230;]","protected":false},"author":1,"featured_media":0,"parent":0,"menu_order":0,"comment_status":"closed","ping_status":"closed","template":"page-blank-title-center.php","meta":{"footnotes":""},"class_list":["post-43","page","type-page","status-publish","hentry"],"yoast_head":"<!-- This site is optimized with the Yoast SEO plugin v25.4 - https:\/\/yoast.com\/wordpress\/plugins\/seo\/ -->\n<title>Privacy Policy - Fleur Union<\/title>\n<meta name=\"robots\" content=\"index, follow, max-snippet:-1, max-image-preview:large, max-video-preview:-1\" \/>\n<link rel=\"canonical\" href=\"https:\/\/fleurunion.com\/fr\/privacy-policy\/\" \/>\n<meta property=\"og:locale\" content=\"fr_FR\" \/>\n<meta property=\"og:type\" content=\"article\" \/>\n<meta property=\"og:title\" content=\"Privacy Policy - Fleur Union\" \/>\n<meta property=\"og:description\" content=\"Last updated: 07\/07\/2025 At , accessible from ,\u00a0one of our main priorities is the privacy of our visitors. This Privacy Policy document outlines the types of information we collect and how we use it. By using our website, you agree to the collection and use of information in accordance with this policy. 1. Information We [...]\" \/>\n<meta property=\"og:url\" content=\"https:\/\/fleurunion.com\/fr\/privacy-policy\/\" \/>\n<meta property=\"og:site_name\" content=\"Fleur Union\" \/>\n<meta property=\"article:modified_time\" content=\"2025-07-09T01:33:17+00:00\" \/>\n<meta name=\"twitter:card\" content=\"summary_large_image\" \/>\n<meta name=\"twitter:label1\" content=\"Dur\u00e9e de lecture estim\u00e9e\" \/>\n\t<meta name=\"twitter:data1\" content=\"3 minutes\" \/>\n<script type=\"application\/ld+json\" class=\"yoast-schema-graph\">{\"@context\":\"https:\/\/schema.org\",\"@graph\":[{\"@type\":\"WebPage\",\"@id\":\"https:\/\/fleurunion.com\/privacy-policy\/\",\"url\":\"https:\/\/fleurunion.com\/privacy-policy\/\",\"name\":\"Privacy Policy - Fleur Union\",\"isPartOf\":{\"@id\":\"https:\/\/fleurunion.com\/#website\"},\"datePublished\":\"2025-07-08T08:27:09+00:00\",\"dateModified\":\"2025-07-09T01:33:17+00:00\",\"breadcrumb\":{\"@id\":\"https:\/\/fleurunion.com\/privacy-policy\/#breadcrumb\"},\"inLanguage\":\"fr-FR\",\"potentialAction\":[{\"@type\":\"ReadAction\",\"target\":[\"https:\/\/fleurunion.com\/privacy-policy\/\"]}]},{\"@type\":\"BreadcrumbList\",\"@id\":\"https:\/\/fleurunion.com\/privacy-policy\/#breadcrumb\",\"itemListElement\":[{\"@type\":\"ListItem\",\"position\":1,\"name\":\"Home\",\"item\":\"https:\/\/fleurunion.com\/\"},{\"@type\":\"ListItem\",\"position\":2,\"name\":\"Privacy Policy\"}]},{\"@type\":\"WebSite\",\"@id\":\"https:\/\/fleurunion.com\/#website\",\"url\":\"https:\/\/fleurunion.com\/\",\"name\":\"Fleur Union\",\"description\":\"Flower, Gardening and Wedding Blog\",\"potentialAction\":[{\"@type\":\"SearchAction\",\"target\":{\"@type\":\"EntryPoint\",\"urlTemplate\":\"https:\/\/fleurunion.com\/?s={search_term_string}\"},\"query-input\":{\"@type\":\"PropertyValueSpecification\",\"valueRequired\":true,\"valueName\":\"search_term_string\"}}],\"inLanguage\":\"fr-FR\"}]}<\/script>\n<!-- \/ Yoast SEO plugin. -->","yoast_head_json":{"title":"Privacy Policy - Fleur Union","robots":{"index":"index","follow":"follow","max-snippet":"max-snippet:-1","max-image-preview":"max-image-preview:large","max-video-preview":"max-video-preview:-1"},"canonical":"https:\/\/fleurunion.com\/fr\/privacy-policy\/","og_locale":"fr_FR","og_type":"article","og_title":"Privacy Policy - Fleur Union","og_description":"Last updated: 07\/07\/2025 At , accessible from ,\u00a0one of our main priorities is the privacy of our visitors. This Privacy Policy document outlines the types of information we collect and how we use it. By using our website, you agree to the collection and use of information in accordance with this policy. 1. Information We [...]","og_url":"https:\/\/fleurunion.com\/fr\/privacy-policy\/","og_site_name":"Fleur Union","article_modified_time":"2025-07-09T01:33:17+00:00","twitter_card":"summary_large_image","twitter_misc":{"Dur\u00e9e de lecture estim\u00e9e":"3 minutes"},"schema":{"@context":"https:\/\/schema.org","@graph":[{"@type":"WebPage","@id":"https:\/\/fleurunion.com\/privacy-policy\/","url":"https:\/\/fleurunion.com\/privacy-policy\/","name":"Privacy Policy - Fleur Union","isPartOf":{"@id":"https:\/\/fleurunion.com\/#website"},"datePublished":"2025-07-08T08:27:09+00:00","dateModified":"2025-07-09T01:33:17+00:00","breadcrumb":{"@id":"https:\/\/fleurunion.com\/privacy-policy\/#breadcrumb"},"inLanguage":"fr-FR","potentialAction":[{"@type":"ReadAction","target":["https:\/\/fleurunion.com\/privacy-policy\/"]}]},{"@type":"BreadcrumbList","@id":"https:\/\/fleurunion.com\/privacy-policy\/#breadcrumb","itemListElement":[{"@type":"ListItem","position":1,"name":"Home","item":"https:\/\/fleurunion.com\/"},{"@type":"ListItem","position":2,"name":"Privacy Policy"}]},{"@type":"WebSite","@id":"https:\/\/fleurunion.com\/#website","url":"https:\/\/fleurunion.com\/","name":"Fleur Union","description":"Flower, Gardening and Wedding Blog","potentialAction":[{"@type":"SearchAction","target":{"@type":"EntryPoint","urlTemplate":"https:\/\/fleurunion.com\/?s={search_term_string}"},"query-input":{"@type":"PropertyValueSpecification","valueRequired":true,"valueName":"search_term_string"}}],"inLanguage":"fr-FR"}]}},"_links":{"self":[{"href":"https:\/\/fleurunion.com\/fr\/wp-json\/wp\/v2\/pages\/43","targetHints":{"allow":["GET"]}}],"collection":[{"href":"https:\/\/fleurunion.com\/fr\/wp-json\/wp\/v2\/pages"}],"about":[{"href":"https:\/\/fleurunion.com\/fr\/wp-json\/wp\/v2\/types\/page"}],"author":[{"embeddable":true,"href":"https:\/\/fleurunion.com\/fr\/wp-json\/wp\/v2\/users\/1"}],"replies":[{"embeddable":true,"href":"https:\/\/fleurunion.com\/fr\/wp-json\/wp\/v2\/comments?post=43"}],"version-history":[{"count":2,"href":"https:\/\/fleurunion.com\/fr\/wp-json\/wp\/v2\/pages\/43\/revisions"}],"predecessor-version":[{"id":47,"href":"https:\/\/fleurunion.com\/fr\/wp-json\/wp\/v2\/pages\/43\/revisions\/47"}],"wp:attachment":[{"href":"https:\/\/fleurunion.com\/fr\/wp-json\/wp\/v2\/media?parent=43"}],"curies":[{"name":"wp","href":"https:\/\/api.w.org\/{rel}","templated":true}]}}